{"id":114330,"date":"2024-12-10T11:53:24","date_gmt":"2024-12-10T11:53:24","guid":{"rendered":"https:\/\/www.silvian.nl\/product\/flabebe-7\/"},"modified":"2024-12-10T11:53:24","modified_gmt":"2024-12-10T11:53:24","slug":"flabebe-7","status":"publish","type":"product","link":"https:\/\/www.silvian.nl\/es\/producto\/flabebe-7\/","title":{"rendered":"Flab\u00e9b\u00e9"},"content":{"rendered":"<p>This attack does 10 damage to each of your opponent&#8217;s Pok\u00e9mon. (Don&#8217;t apply Weakness and Resistance for Benched Pok\u00e9mon.)<\/p>\n","protected":false},"excerpt":{"rendered":"<p>It&#8217;s not safe without the power of a flower, but it will keep traveling around until it finds one with the color and shape it wants.<\/p>\n","protected":false},"featured_media":114317,"template":"","meta":[],"product_cat":[5187,4493],"product_tag":[],"class_list":{"0":"post-114330","1":"product","2":"type-product","3":"status-publish","4":"has-post-thumbnail","6":"product_cat-cosmic-eclipse","7":"product_cat-sun-moon","9":"first","10":"outofstock","11":"shipping-taxable","12":"product-type-simple"},"_links":{"self":[{"href":"https:\/\/www.silvian.nl\/es\/wp-json\/wp\/v2\/product\/114330","targetHints":{"allow":["GET"]}}],"collection":[{"href":"https:\/\/www.silvian.nl\/es\/wp-json\/wp\/v2\/product"}],"about":[{"href":"https:\/\/www.silvian.nl\/es\/wp-json\/wp\/v2\/types\/product"}],"wp:featuredmedia":[{"embeddable":true,"href":"https:\/\/www.silvian.nl\/es\/wp-json\/wp\/v2\/media\/114317"}],"wp:attachment":[{"href":"https:\/\/www.silvian.nl\/es\/wp-json\/wp\/v2\/media?parent=114330"}],"wp:term":[{"taxonomy":"product_cat","embeddable":true,"href":"https:\/\/www.silvian.nl\/es\/wp-json\/wp\/v2\/product_cat?post=114330"},{"taxonomy":"product_tag","embeddable":true,"href":"https:\/\/www.silvian.nl\/es\/wp-json\/wp\/v2\/product_tag?post=114330"}],"curies":[{"name":"wp","href":"https:\/\/api.w.org\/{rel}","templated":true}]}}