{"id":112314,"date":"2024-12-10T11:45:22","date_gmt":"2024-12-10T11:45:22","guid":{"rendered":"https:\/\/www.silvian.nl\/product\/sunflora-4\/"},"modified":"2024-12-10T11:45:23","modified_gmt":"2024-12-10T11:45:23","slug":"sunflora-4","status":"publish","type":"product","link":"https:\/\/www.silvian.nl\/es\/producto\/sunflora-4\/","title":{"rendered":"Sunflora"},"content":{"rendered":"<p>During your next turn, ignore all Energy in the attack costs of Grass Pok\u00e9mon and Fire Pok\u00e9mon. (This includes Pok\u00e9mon that come into play on that turn.)<\/p>\n","protected":false},"excerpt":{"rendered":"<p>As the hot season approaches, the petals on this Pok\u00e9mon&#8217;s face become more vivid and lively.<\/p>\n","protected":false},"featured_media":112301,"template":"","meta":[],"product_cat":[5187,4493],"product_tag":[],"class_list":{"0":"post-112314","1":"product","2":"type-product","3":"status-publish","4":"has-post-thumbnail","6":"product_cat-cosmic-eclipse","7":"product_cat-sun-moon","9":"first","10":"outofstock","11":"shipping-taxable","12":"product-type-simple"},"_links":{"self":[{"href":"https:\/\/www.silvian.nl\/es\/wp-json\/wp\/v2\/product\/112314","targetHints":{"allow":["GET"]}}],"collection":[{"href":"https:\/\/www.silvian.nl\/es\/wp-json\/wp\/v2\/product"}],"about":[{"href":"https:\/\/www.silvian.nl\/es\/wp-json\/wp\/v2\/types\/product"}],"wp:featuredmedia":[{"embeddable":true,"href":"https:\/\/www.silvian.nl\/es\/wp-json\/wp\/v2\/media\/112301"}],"wp:attachment":[{"href":"https:\/\/www.silvian.nl\/es\/wp-json\/wp\/v2\/media?parent=112314"}],"wp:term":[{"taxonomy":"product_cat","embeddable":true,"href":"https:\/\/www.silvian.nl\/es\/wp-json\/wp\/v2\/product_cat?post=112314"},{"taxonomy":"product_tag","embeddable":true,"href":"https:\/\/www.silvian.nl\/es\/wp-json\/wp\/v2\/product_tag?post=112314"}],"curies":[{"name":"wp","href":"https:\/\/api.w.org\/{rel}","templated":true}]}}