{"id":111657,"date":"2024-12-09T13:16:30","date_gmt":"2024-12-09T13:16:30","guid":{"rendered":"https:\/\/www.silvian.nl\/product\/raichu-alolan-raichu-gx-2\/"},"modified":"2024-12-09T13:16:31","modified_gmt":"2024-12-09T13:16:31","slug":"raichu-alolan-raichu-gx-2","status":"publish","type":"product","link":"https:\/\/www.silvian.nl\/es\/producto\/raichu-alolan-raichu-gx-2\/","title":{"rendered":"Raichu &#038; Alolan Raichu-GX"},"content":{"rendered":"<p>If this Pok\u00e9mon was on the Bench and became your Active Pok\u00e9mon this turn, this attack does 80 more damage, and your opponent&#8217;s Active Pok\u00e9mon is now Paralyzed.<\/p>\n","protected":false},"excerpt":{"rendered":"<p>If this Pok\u00e9mon was on the Bench and became your Active Pok\u00e9mon this turn, this attack does 80 more damage, and your opponent&#8217;s Active Pok\u00e9mon is now Paralyzed.<\/p>\n","protected":false},"featured_media":111644,"template":"","meta":[],"product_cat":[4493,5110],"product_tag":[],"class_list":{"0":"post-111657","1":"product","2":"type-product","3":"status-publish","4":"has-post-thumbnail","6":"product_cat-sun-moon","7":"product_cat-unified-minds","9":"first","10":"outofstock","11":"shipping-taxable","12":"product-type-simple"},"_links":{"self":[{"href":"https:\/\/www.silvian.nl\/es\/wp-json\/wp\/v2\/product\/111657","targetHints":{"allow":["GET"]}}],"collection":[{"href":"https:\/\/www.silvian.nl\/es\/wp-json\/wp\/v2\/product"}],"about":[{"href":"https:\/\/www.silvian.nl\/es\/wp-json\/wp\/v2\/types\/product"}],"wp:featuredmedia":[{"embeddable":true,"href":"https:\/\/www.silvian.nl\/es\/wp-json\/wp\/v2\/media\/111644"}],"wp:attachment":[{"href":"https:\/\/www.silvian.nl\/es\/wp-json\/wp\/v2\/media?parent=111657"}],"wp:term":[{"taxonomy":"product_cat","embeddable":true,"href":"https:\/\/www.silvian.nl\/es\/wp-json\/wp\/v2\/product_cat?post=111657"},{"taxonomy":"product_tag","embeddable":true,"href":"https:\/\/www.silvian.nl\/es\/wp-json\/wp\/v2\/product_tag?post=111657"}],"curies":[{"name":"wp","href":"https:\/\/api.w.org\/{rel}","templated":true}]}}