{"id":109795,"date":"2024-12-09T13:08:51","date_gmt":"2024-12-09T13:08:51","guid":{"rendered":"https:\/\/www.silvian.nl\/product\/musharna-3\/"},"modified":"2024-12-09T13:08:52","modified_gmt":"2024-12-09T13:08:52","slug":"musharna-3","status":"publish","type":"product","link":"https:\/\/www.silvian.nl\/es\/producto\/musharna-3\/","title":{"rendered":"Musharna"},"content":{"rendered":"<p>Both Active Pok\u00e9mon are now Asleep. During your next turn, this Pok\u00e9mon&#8217;s attacks do 100 more damage to your opponent&#8217;s Active Pok\u00e9mon (before applying Weakness and Resistance).<\/p>\n","protected":false},"excerpt":{"rendered":"<p>The mist emanating from their foreheads is packed with the dreams of people and Pok\u00e9mon.<\/p>\n","protected":false},"featured_media":109782,"template":"","meta":[],"product_cat":[4493,5110],"product_tag":[],"class_list":{"0":"post-109795","1":"product","2":"type-product","3":"status-publish","4":"has-post-thumbnail","6":"product_cat-sun-moon","7":"product_cat-unified-minds","9":"first","10":"outofstock","11":"shipping-taxable","12":"product-type-simple"},"_links":{"self":[{"href":"https:\/\/www.silvian.nl\/es\/wp-json\/wp\/v2\/product\/109795","targetHints":{"allow":["GET"]}}],"collection":[{"href":"https:\/\/www.silvian.nl\/es\/wp-json\/wp\/v2\/product"}],"about":[{"href":"https:\/\/www.silvian.nl\/es\/wp-json\/wp\/v2\/types\/product"}],"wp:featuredmedia":[{"embeddable":true,"href":"https:\/\/www.silvian.nl\/es\/wp-json\/wp\/v2\/media\/109782"}],"wp:attachment":[{"href":"https:\/\/www.silvian.nl\/es\/wp-json\/wp\/v2\/media?parent=109795"}],"wp:term":[{"taxonomy":"product_cat","embeddable":true,"href":"https:\/\/www.silvian.nl\/es\/wp-json\/wp\/v2\/product_cat?post=109795"},{"taxonomy":"product_tag","embeddable":true,"href":"https:\/\/www.silvian.nl\/es\/wp-json\/wp\/v2\/product_tag?post=109795"}],"curies":[{"name":"wp","href":"https:\/\/api.w.org\/{rel}","templated":true}]}}