{"id":109333,"date":"2024-12-09T13:06:55","date_gmt":"2024-12-09T13:06:55","guid":{"rendered":"https:\/\/www.silvian.nl\/product\/alolan-raichu-2\/"},"modified":"2024-12-09T13:06:55","modified_gmt":"2024-12-09T13:06:55","slug":"alolan-raichu-2","status":"publish","type":"product","link":"https:\/\/www.silvian.nl\/es\/producto\/alolan-raichu-2\/","title":{"rendered":"Alolan Raichu"},"content":{"rendered":"<p>Discard any amount of Lightning Energy from this Pok\u00e9mon. Then, for each Energy you discarded in this way, choose 1 of your opponent&#8217;s Pok\u00e9mon and do 30 damage to it. (You can choose the same Pok\u00e9mon more than once.) This damage isn&#8217;t affected by Weakness or Resistance.<\/p>\n","protected":false},"excerpt":{"rendered":"<p>It focuses psychic energy into its tail and rides it like it&#8217;s surfing. Another name for this Pok\u00e9mon is \u00abhodad.\u00bb<\/p>\n","protected":false},"featured_media":109320,"template":"","meta":[],"product_cat":[4493,5110],"product_tag":[],"class_list":{"0":"post-109333","1":"product","2":"type-product","3":"status-publish","4":"has-post-thumbnail","6":"product_cat-sun-moon","7":"product_cat-unified-minds","9":"first","10":"outofstock","11":"shipping-taxable","12":"product-type-simple"},"_links":{"self":[{"href":"https:\/\/www.silvian.nl\/es\/wp-json\/wp\/v2\/product\/109333","targetHints":{"allow":["GET"]}}],"collection":[{"href":"https:\/\/www.silvian.nl\/es\/wp-json\/wp\/v2\/product"}],"about":[{"href":"https:\/\/www.silvian.nl\/es\/wp-json\/wp\/v2\/types\/product"}],"wp:featuredmedia":[{"embeddable":true,"href":"https:\/\/www.silvian.nl\/es\/wp-json\/wp\/v2\/media\/109320"}],"wp:attachment":[{"href":"https:\/\/www.silvian.nl\/es\/wp-json\/wp\/v2\/media?parent=109333"}],"wp:term":[{"taxonomy":"product_cat","embeddable":true,"href":"https:\/\/www.silvian.nl\/es\/wp-json\/wp\/v2\/product_cat?post=109333"},{"taxonomy":"product_tag","embeddable":true,"href":"https:\/\/www.silvian.nl\/es\/wp-json\/wp\/v2\/product_tag?post=109333"}],"curies":[{"name":"wp","href":"https:\/\/api.w.org\/{rel}","templated":true}]}}