{"id":106940,"date":"2024-12-09T12:04:37","date_gmt":"2024-12-09T12:04:37","guid":{"rendered":"https:\/\/www.silvian.nl\/product\/aggron-5\/"},"modified":"2024-12-09T12:04:37","modified_gmt":"2024-12-09T12:04:37","slug":"aggron-5","status":"publish","type":"product","link":"https:\/\/www.silvian.nl\/es\/producto\/aggron-5\/","title":{"rendered":"Aggron"},"content":{"rendered":"<p>During your opponent&#8217;s next turn, if this Pok\u00e9mon is damaged by an attack (even if this Pok\u00e9mon is Knocked Out), put 8 damage counters on the Attacking Pok\u00e9mon.<\/p>\n","protected":false},"excerpt":{"rendered":"<p>It claims an entire mountain as its own. The more wounds it has, the more it has battled, so don&#8217;t take it lightly.<\/p>\n","protected":false},"featured_media":106927,"template":"","meta":[],"product_cat":[4493,5036],"product_tag":[],"class_list":{"0":"post-106940","1":"product","2":"type-product","3":"status-publish","4":"has-post-thumbnail","6":"product_cat-sun-moon","7":"product_cat-unbroken-bonds","9":"first","10":"outofstock","11":"shipping-taxable","12":"product-type-simple"},"_links":{"self":[{"href":"https:\/\/www.silvian.nl\/es\/wp-json\/wp\/v2\/product\/106940","targetHints":{"allow":["GET"]}}],"collection":[{"href":"https:\/\/www.silvian.nl\/es\/wp-json\/wp\/v2\/product"}],"about":[{"href":"https:\/\/www.silvian.nl\/es\/wp-json\/wp\/v2\/types\/product"}],"wp:featuredmedia":[{"embeddable":true,"href":"https:\/\/www.silvian.nl\/es\/wp-json\/wp\/v2\/media\/106927"}],"wp:attachment":[{"href":"https:\/\/www.silvian.nl\/es\/wp-json\/wp\/v2\/media?parent=106940"}],"wp:term":[{"taxonomy":"product_cat","embeddable":true,"href":"https:\/\/www.silvian.nl\/es\/wp-json\/wp\/v2\/product_cat?post=106940"},{"taxonomy":"product_tag","embeddable":true,"href":"https:\/\/www.silvian.nl\/es\/wp-json\/wp\/v2\/product_tag?post=106940"}],"curies":[{"name":"wp","href":"https:\/\/api.w.org\/{rel}","templated":true}]}}