{"id":46839,"date":"2024-11-25T20:47:49","date_gmt":"2024-11-25T20:47:49","guid":{"rendered":"https:\/\/www.silvian.nl\/product\/musharna\/"},"modified":"2024-12-04T23:27:36","modified_gmt":"2024-12-04T23:27:36","slug":"musharna","status":"publish","type":"product","link":"https:\/\/www.silvian.nl\/de\/produkt\/musharna\/","title":{"rendered":"Musharna"},"content":{"rendered":"<p>Your opponent&#8217;s Active Pok\u00e9mon is now Asleep. During Pok\u00e9mon Checkup, your opponent flips 2 coins instead of 1. If either of them is tails, that Pok\u00e9mon is still Asleep.<\/p>\n","protected":false},"excerpt":{"rendered":"<p>It drowses and dreams all the time. It&#8217;s best to leave it be if it&#8217;s just woken up, as it&#8217;s a terrible grump when freshly roused from sleep.<\/p>\n","protected":false},"featured_media":46826,"template":"","meta":[],"product_cat":[2971,2972],"product_tag":[],"class_list":{"0":"post-46839","1":"product","2":"type-product","3":"status-publish","4":"has-post-thumbnail","6":"product_cat-sword-shield","7":"product_cat-sword-shield-2","9":"first","10":"outofstock","11":"shipping-taxable","12":"product-type-simple"},"_links":{"self":[{"href":"https:\/\/www.silvian.nl\/de\/wp-json\/wp\/v2\/product\/46839","targetHints":{"allow":["GET"]}}],"collection":[{"href":"https:\/\/www.silvian.nl\/de\/wp-json\/wp\/v2\/product"}],"about":[{"href":"https:\/\/www.silvian.nl\/de\/wp-json\/wp\/v2\/types\/product"}],"wp:featuredmedia":[{"embeddable":true,"href":"https:\/\/www.silvian.nl\/de\/wp-json\/wp\/v2\/media\/46826"}],"wp:attachment":[{"href":"https:\/\/www.silvian.nl\/de\/wp-json\/wp\/v2\/media?parent=46839"}],"wp:term":[{"taxonomy":"product_cat","embeddable":true,"href":"https:\/\/www.silvian.nl\/de\/wp-json\/wp\/v2\/product_cat?post=46839"},{"taxonomy":"product_tag","embeddable":true,"href":"https:\/\/www.silvian.nl\/de\/wp-json\/wp\/v2\/product_tag?post=46839"}],"curies":[{"name":"wp","href":"https:\/\/api.w.org\/{rel}","templated":true}]}}