{"id":3870,"date":"2024-11-20T13:21:02","date_gmt":"2024-11-20T13:21:02","guid":{"rendered":"https:\/\/www.silvian.nl\/product\/zapdos-2\/"},"modified":"2024-12-04T21:35:08","modified_gmt":"2024-12-04T21:35:08","slug":"zapdos-2","status":"publish","type":"product","link":"https:\/\/www.silvian.nl\/de\/produkt\/zapdos-2\/","title":{"rendered":"Zapdos"},"content":{"rendered":"<p>For each of your opponent&#8217;s Benched Pok\u00e9mon, flip a coin. If heads, this attack does 20 damage to that Pok\u00e9mon. (Don&#8217;t apply Weakness and Resistance for Benched Pok\u00e9mon.) Then, Zapdos does 10 damage times the number of tails to itself.<\/p>\n","protected":false},"excerpt":{"rendered":"<p>A legendary thunderbird Pok\u00e9mon whose anger is said to cause storms. Some say it has lived above the clouds for thousands of years.<\/p>\n","protected":false},"featured_media":3857,"template":"","meta":[],"product_cat":[296,2823],"product_tag":[],"class_list":{"0":"post-3870","1":"product","2":"type-product","3":"status-publish","4":"has-post-thumbnail","6":"product_cat-base","7":"product_cat-base-set-3","9":"first","10":"outofstock","11":"shipping-taxable","12":"product-type-simple"},"_links":{"self":[{"href":"https:\/\/www.silvian.nl\/de\/wp-json\/wp\/v2\/product\/3870","targetHints":{"allow":["GET"]}}],"collection":[{"href":"https:\/\/www.silvian.nl\/de\/wp-json\/wp\/v2\/product"}],"about":[{"href":"https:\/\/www.silvian.nl\/de\/wp-json\/wp\/v2\/types\/product"}],"wp:featuredmedia":[{"embeddable":true,"href":"https:\/\/www.silvian.nl\/de\/wp-json\/wp\/v2\/media\/3857"}],"wp:attachment":[{"href":"https:\/\/www.silvian.nl\/de\/wp-json\/wp\/v2\/media?parent=3870"}],"wp:term":[{"taxonomy":"product_cat","embeddable":true,"href":"https:\/\/www.silvian.nl\/de\/wp-json\/wp\/v2\/product_cat?post=3870"},{"taxonomy":"product_tag","embeddable":true,"href":"https:\/\/www.silvian.nl\/de\/wp-json\/wp\/v2\/product_tag?post=3870"}],"curies":[{"name":"wp","href":"https:\/\/api.w.org\/{rel}","templated":true}]}}