{"id":35620,"date":"2024-11-24T15:20:32","date_gmt":"2024-11-24T15:20:32","guid":{"rendered":"https:\/\/www.silvian.nl\/product\/alakazam-4\/"},"modified":"2024-12-04T22:54:44","modified_gmt":"2024-12-04T22:54:44","slug":"alakazam-4","status":"publish","type":"product","link":"https:\/\/www.silvian.nl\/de\/produkt\/alakazam-4\/","title":{"rendered":"Alakazam"},"content":{"rendered":"<p>Your opponent&#8217;s Active Pok\u00e9mon is now Confused. You may move any number of damage counters from your opponent&#8217;s Pok\u00e9mon to their other Pok\u00e9mon in any way you like.<\/p>\n","protected":false},"excerpt":{"rendered":"<p>It has an incredibly high level of intelligence. Some say that Alakazam remembers everything that ever happens to it, from birth till death.<\/p>\n","protected":false},"featured_media":35607,"template":"","meta":[],"product_cat":[999,2625],"product_tag":[],"class_list":{"0":"post-35620","1":"product","2":"type-product","3":"status-publish","4":"has-post-thumbnail","6":"product_cat-scarlet-violet","7":"product_cat-twilight-masquerade","9":"first","10":"outofstock","11":"shipping-taxable","12":"product-type-simple"},"_links":{"self":[{"href":"https:\/\/www.silvian.nl\/de\/wp-json\/wp\/v2\/product\/35620","targetHints":{"allow":["GET"]}}],"collection":[{"href":"https:\/\/www.silvian.nl\/de\/wp-json\/wp\/v2\/product"}],"about":[{"href":"https:\/\/www.silvian.nl\/de\/wp-json\/wp\/v2\/types\/product"}],"wp:featuredmedia":[{"embeddable":true,"href":"https:\/\/www.silvian.nl\/de\/wp-json\/wp\/v2\/media\/35607"}],"wp:attachment":[{"href":"https:\/\/www.silvian.nl\/de\/wp-json\/wp\/v2\/media?parent=35620"}],"wp:term":[{"taxonomy":"product_cat","embeddable":true,"href":"https:\/\/www.silvian.nl\/de\/wp-json\/wp\/v2\/product_cat?post=35620"},{"taxonomy":"product_tag","embeddable":true,"href":"https:\/\/www.silvian.nl\/de\/wp-json\/wp\/v2\/product_tag?post=35620"}],"curies":[{"name":"wp","href":"https:\/\/api.w.org\/{rel}","templated":true}]}}