{"id":127937,"date":"2024-12-16T15:23:05","date_gmt":"2024-12-16T15:23:05","guid":{"rendered":"https:\/\/www.silvian.nl\/product\/primal-kyogre-ex\/"},"modified":"2024-12-16T15:23:05","modified_gmt":"2024-12-16T15:23:05","slug":"primal-kyogre-ex","status":"publish","type":"product","link":"https:\/\/www.silvian.nl\/de\/produkt\/primal-kyogre-ex\/","title":{"rendered":"Primal Kyogre-EX"},"content":{"rendered":"<p>Move 2 Energy from this Pok\u00e9mon to 1 of your Benched Pok\u00e9mon. This attack does 30 damage to each of your opponent&#8217;s Benched Pok\u00e9mon-EX. (Don&#8217;t apply Weakness and Resistance for Benched Pok\u00e9mon.)<\/p>\n","protected":false},"excerpt":{"rendered":"<p>Move 2 Energy from this Pok\u00e9mon to 1 of your Benched Pok\u00e9mon. This attack does 30 damage to each of your opponent&#8217;s Benched Pok\u00e9mon-EX. (Don&#8217;t apply Weakness and Resistance for Benched Pok\u00e9mon.)<\/p>\n","protected":false},"featured_media":127924,"template":"","meta":[],"product_cat":[5501,5314],"product_tag":[],"class_list":{"0":"post-127937","1":"product","2":"type-product","3":"status-publish","4":"has-post-thumbnail","6":"product_cat-primal-clash","7":"product_cat-xy","9":"first","10":"outofstock","11":"shipping-taxable","12":"product-type-simple"},"_links":{"self":[{"href":"https:\/\/www.silvian.nl\/de\/wp-json\/wp\/v2\/product\/127937","targetHints":{"allow":["GET"]}}],"collection":[{"href":"https:\/\/www.silvian.nl\/de\/wp-json\/wp\/v2\/product"}],"about":[{"href":"https:\/\/www.silvian.nl\/de\/wp-json\/wp\/v2\/types\/product"}],"wp:featuredmedia":[{"embeddable":true,"href":"https:\/\/www.silvian.nl\/de\/wp-json\/wp\/v2\/media\/127924"}],"wp:attachment":[{"href":"https:\/\/www.silvian.nl\/de\/wp-json\/wp\/v2\/media?parent=127937"}],"wp:term":[{"taxonomy":"product_cat","embeddable":true,"href":"https:\/\/www.silvian.nl\/de\/wp-json\/wp\/v2\/product_cat?post=127937"},{"taxonomy":"product_tag","embeddable":true,"href":"https:\/\/www.silvian.nl\/de\/wp-json\/wp\/v2\/product_tag?post=127937"}],"curies":[{"name":"wp","href":"https:\/\/api.w.org\/{rel}","templated":true}]}}